{"id":35,"date":"2024-04-07T15:57:40","date_gmt":"2024-04-07T13:57:40","guid":{"rendered":"https:\/\/loeilderev.fr\/?page_id=35"},"modified":"2025-03-17T17:24:50","modified_gmt":"2025-03-17T16:24:50","slug":"accueil","status":"publish","type":"page","link":"https:\/\/loeilderev.fr\/","title":{"rendered":"Accueil"},"content":{"rendered":"\n<p>Bienvenue sur le site de l\u2019oeil de R\u00eav !<\/p>\n\n\n\n<p>Nich\u00e9 au coeur du Parc des volcans d\u2019Auvergne, \u00e0 proximit\u00e9 de Clermont Ferrand, entre ceyssat et Pontgibaud, l\u2019oeil de R\u00eav est un salon sur rendez-vous pour tous vos projets de tatouage.<\/p>\n\n\n\n<p>Il est en cours de construction et s\u2019\u00e9toffe mois apr\u00e8s mois. Vous pouvez \u00e9galement consulter ma page Instagram : @loeil_de<\/p>\n","protected":false},"excerpt":{"rendered":"<p>Bienvenue sur le site de l\u2019oeil de R\u00eav ! Nich\u00e9 au coeur du Parc des volcans d\u2019Auvergne, \u00e0 proximit\u00e9 de Clermont Ferrand, entre ceyssat et Pontgibaud, l\u2019oeil de R\u00eav est un salon sur rendez-vous pour tous vos projets de tatouage. Il est en cours de construction et s\u2019\u00e9toffe mois apr\u00e8s mois. Vous pouvez \u00e9galement consulter &hellip; <\/p>\n<p class=\"link-more\"><a href=\"https:\/\/loeilderev.fr\/\" class=\"more-link\">Continue reading<span class=\"screen-reader-text\"> &#8220;Accueil&#8221;<\/span><\/a><\/p>\n","protected":false},"author":1,"featured_media":94,"parent":0,"menu_order":0,"comment_status":"closed","ping_status":"closed","template":"","meta":{"footnotes":""},"class_list":["post-35","page","type-page","status-publish","has-post-thumbnail","hentry"],"_links":{"self":[{"href":"https:\/\/loeilderev.fr\/index.php\/wp-json\/wp\/v2\/pages\/35","targetHints":{"allow":["GET"]}}],"collection":[{"href":"https:\/\/loeilderev.fr\/index.php\/wp-json\/wp\/v2\/pages"}],"about":[{"href":"https:\/\/loeilderev.fr\/index.php\/wp-json\/wp\/v2\/types\/page"}],"author":[{"embeddable":true,"href":"https:\/\/loeilderev.fr\/index.php\/wp-json\/wp\/v2\/users\/1"}],"replies":[{"embeddable":true,"href":"https:\/\/loeilderev.fr\/index.php\/wp-json\/wp\/v2\/comments?post=35"}],"version-history":[{"count":14,"href":"https:\/\/loeilderev.fr\/index.php\/wp-json\/wp\/v2\/pages\/35\/revisions"}],"predecessor-version":[{"id":167,"href":"https:\/\/loeilderev.fr\/index.php\/wp-json\/wp\/v2\/pages\/35\/revisions\/167"}],"wp:featuredmedia":[{"embeddable":true,"href":"https:\/\/loeilderev.fr\/index.php\/wp-json\/wp\/v2\/media\/94"}],"wp:attachment":[{"href":"https:\/\/loeilderev.fr\/index.php\/wp-json\/wp\/v2\/media?parent=35"}],"curies":[{"name":"wp","href":"https:\/\/api.w.org\/{rel}","templated":true}]}}