{"id":123,"date":"2024-07-07T16:32:45","date_gmt":"2024-07-07T14:32:45","guid":{"rendered":"https:\/\/loeilderev.fr\/?page_id=123"},"modified":"2025-03-17T17:49:26","modified_gmt":"2025-03-17T16:49:26","slug":"portfolio","status":"publish","type":"page","link":"https:\/\/loeilderev.fr\/index.php\/portfolio\/","title":{"rendered":"Portfolio"},"content":{"rendered":"\n<figure class=\"wp-block-image size-full\"><img loading=\"lazy\" decoding=\"async\" width=\"768\" height=\"1024\" src=\"https:\/\/loeilderev.fr\/wp-content\/uploads\/2024\/07\/image.jpeg\" alt=\"\" class=\"wp-image-124\" srcset=\"https:\/\/loeilderev.fr\/wp-content\/uploads\/2024\/07\/image.jpeg 768w, https:\/\/loeilderev.fr\/wp-content\/uploads\/2024\/07\/image-225x300.jpeg 225w\" sizes=\"auto, (max-width: 767px) 89vw, (max-width: 1000px) 54vw, (max-width: 1071px) 543px, 580px\" \/><\/figure>\n\n\n\n<p>Pour inaugurer la mise en ligne des photos de mes r\u00e9alisations, j\u2019ai choisi ce tatouage embl\u00e9matique.<\/p>\n\n\n\n<div class=\"wp-block-group\"><div class=\"wp-block-group__inner-container is-layout-constrained wp-block-group-is-layout-constrained\">\n<figure class=\"wp-block-gallery has-nested-images columns-default is-cropped wp-block-gallery-1 is-layout-flex wp-block-gallery-is-layout-flex\">\n<figure class=\"wp-block-image size-large\"><img loading=\"lazy\" decoding=\"async\" width=\"768\" height=\"1024\" data-id=\"145\" src=\"https:\/\/loeilderev.fr\/wp-content\/uploads\/2025\/03\/IMG_2930-768x1024.jpeg\" alt=\"\" class=\"wp-image-145\" srcset=\"https:\/\/loeilderev.fr\/wp-content\/uploads\/2025\/03\/IMG_2930-768x1024.jpeg 768w, https:\/\/loeilderev.fr\/wp-content\/uploads\/2025\/03\/IMG_2930-225x300.jpeg 225w, https:\/\/loeilderev.fr\/wp-content\/uploads\/2025\/03\/IMG_2930-1152x1536.jpeg 1152w, https:\/\/loeilderev.fr\/wp-content\/uploads\/2025\/03\/IMG_2930-1536x2048.jpeg 1536w, https:\/\/loeilderev.fr\/wp-content\/uploads\/2025\/03\/IMG_2930-scaled.jpeg 1919w\" sizes=\"auto, (max-width: 767px) 89vw, (max-width: 1000px) 54vw, (max-width: 1071px) 543px, 580px\" \/><\/figure>\n\n\n\n<figure class=\"wp-block-image size-large\"><img loading=\"lazy\" decoding=\"async\" width=\"768\" height=\"1024\" data-id=\"146\" src=\"http:\/\/loeilderev.fr\/wp-content\/uploads\/2025\/03\/IMG_2929-768x1024.jpeg\" alt=\"\" class=\"wp-image-146\" srcset=\"https:\/\/loeilderev.fr\/wp-content\/uploads\/2025\/03\/IMG_2929-768x1024.jpeg 768w, https:\/\/loeilderev.fr\/wp-content\/uploads\/2025\/03\/IMG_2929-225x300.jpeg 225w, https:\/\/loeilderev.fr\/wp-content\/uploads\/2025\/03\/IMG_2929-1152x1536.jpeg 1152w, https:\/\/loeilderev.fr\/wp-content\/uploads\/2025\/03\/IMG_2929-1536x2048.jpeg 1536w, https:\/\/loeilderev.fr\/wp-content\/uploads\/2025\/03\/IMG_2929-scaled.jpeg 1919w\" sizes=\"auto, (max-width: 767px) 89vw, (max-width: 1000px) 54vw, (max-width: 1071px) 543px, 580px\" \/><\/figure>\n\n\n\n<figure class=\"wp-block-image size-large\"><img loading=\"lazy\" decoding=\"async\" width=\"768\" height=\"1024\" data-id=\"142\" src=\"https:\/\/loeilderev.fr\/wp-content\/uploads\/2025\/03\/IMG_2920-768x1024.jpeg\" alt=\"\" class=\"wp-image-142\" srcset=\"https:\/\/loeilderev.fr\/wp-content\/uploads\/2025\/03\/IMG_2920-768x1024.jpeg 768w, https:\/\/loeilderev.fr\/wp-content\/uploads\/2025\/03\/IMG_2920-225x300.jpeg 225w, https:\/\/loeilderev.fr\/wp-content\/uploads\/2025\/03\/IMG_2920-1152x1536.jpeg 1152w, https:\/\/loeilderev.fr\/wp-content\/uploads\/2025\/03\/IMG_2920-1536x2048.jpeg 1536w, https:\/\/loeilderev.fr\/wp-content\/uploads\/2025\/03\/IMG_2920-scaled.jpeg 1919w\" sizes=\"auto, (max-width: 767px) 89vw, (max-width: 1000px) 54vw, (max-width: 1071px) 543px, 580px\" \/><\/figure>\n\n\n\n<figure class=\"wp-block-image size-large\"><img loading=\"lazy\" decoding=\"async\" width=\"768\" height=\"1024\" data-id=\"148\" src=\"https:\/\/loeilderev.fr\/wp-content\/uploads\/2025\/03\/IMG_2927-768x1024.jpeg\" alt=\"\" class=\"wp-image-148\" srcset=\"https:\/\/loeilderev.fr\/wp-content\/uploads\/2025\/03\/IMG_2927-768x1024.jpeg 768w, https:\/\/loeilderev.fr\/wp-content\/uploads\/2025\/03\/IMG_2927-225x300.jpeg 225w, https:\/\/loeilderev.fr\/wp-content\/uploads\/2025\/03\/IMG_2927-1152x1536.jpeg 1152w, https:\/\/loeilderev.fr\/wp-content\/uploads\/2025\/03\/IMG_2927-1536x2048.jpeg 1536w, https:\/\/loeilderev.fr\/wp-content\/uploads\/2025\/03\/IMG_2927-scaled.jpeg 1919w\" sizes=\"auto, (max-width: 767px) 89vw, (max-width: 1000px) 54vw, (max-width: 1071px) 543px, 580px\" \/><\/figure>\n\n\n\n<figure class=\"wp-block-image size-large\"><img loading=\"lazy\" decoding=\"async\" width=\"768\" height=\"1024\" data-id=\"147\" src=\"https:\/\/loeilderev.fr\/wp-content\/uploads\/2025\/03\/IMG_2928-768x1024.jpeg\" alt=\"\" class=\"wp-image-147\" srcset=\"https:\/\/loeilderev.fr\/wp-content\/uploads\/2025\/03\/IMG_2928-768x1024.jpeg 768w, https:\/\/loeilderev.fr\/wp-content\/uploads\/2025\/03\/IMG_2928-225x300.jpeg 225w, https:\/\/loeilderev.fr\/wp-content\/uploads\/2025\/03\/IMG_2928-1152x1536.jpeg 1152w, https:\/\/loeilderev.fr\/wp-content\/uploads\/2025\/03\/IMG_2928-1536x2048.jpeg 1536w, https:\/\/loeilderev.fr\/wp-content\/uploads\/2025\/03\/IMG_2928-scaled.jpeg 1919w\" sizes=\"auto, (max-width: 767px) 89vw, (max-width: 1000px) 54vw, (max-width: 1071px) 543px, 580px\" \/><\/figure>\n\n\n\n<figure class=\"wp-block-image size-large\"><img loading=\"lazy\" decoding=\"async\" width=\"768\" height=\"1024\" data-id=\"144\" src=\"https:\/\/loeilderev.fr\/wp-content\/uploads\/2025\/03\/IMG_2926-768x1024.jpeg\" alt=\"\" class=\"wp-image-144\" srcset=\"https:\/\/loeilderev.fr\/wp-content\/uploads\/2025\/03\/IMG_2926-768x1024.jpeg 768w, https:\/\/loeilderev.fr\/wp-content\/uploads\/2025\/03\/IMG_2926-225x300.jpeg 225w, https:\/\/loeilderev.fr\/wp-content\/uploads\/2025\/03\/IMG_2926-1152x1536.jpeg 1152w, https:\/\/loeilderev.fr\/wp-content\/uploads\/2025\/03\/IMG_2926-1536x2048.jpeg 1536w, https:\/\/loeilderev.fr\/wp-content\/uploads\/2025\/03\/IMG_2926-scaled.jpeg 1919w\" sizes=\"auto, (max-width: 767px) 89vw, (max-width: 1000px) 54vw, (max-width: 1071px) 543px, 580px\" \/><\/figure>\n\n\n\n<figure class=\"wp-block-image size-large\"><img loading=\"lazy\" decoding=\"async\" width=\"768\" height=\"1024\" data-id=\"168\" src=\"http:\/\/loeilderev.fr\/wp-content\/uploads\/2025\/03\/IMG_2922-1-768x1024.jpeg\" alt=\"\" class=\"wp-image-168\" srcset=\"https:\/\/loeilderev.fr\/wp-content\/uploads\/2025\/03\/IMG_2922-1-768x1024.jpeg 768w, https:\/\/loeilderev.fr\/wp-content\/uploads\/2025\/03\/IMG_2922-1-225x300.jpeg 225w, https:\/\/loeilderev.fr\/wp-content\/uploads\/2025\/03\/IMG_2922-1-1152x1536.jpeg 1152w, https:\/\/loeilderev.fr\/wp-content\/uploads\/2025\/03\/IMG_2922-1-1536x2048.jpeg 1536w, https:\/\/loeilderev.fr\/wp-content\/uploads\/2025\/03\/IMG_2922-1-scaled.jpeg 1919w\" sizes=\"auto, (max-width: 767px) 89vw, (max-width: 1000px) 54vw, (max-width: 1071px) 543px, 580px\" \/><\/figure>\n<\/figure>\n<\/div><\/div>\n\n\n\n<p>Tatouage cr\u00e9\u00e9 directement sur le corps. C\u2019est une des fa\u00e7ons les plus inspirantes de travailler. Confiance et inspiration se rencontrent.<\/p>\n","protected":false},"excerpt":{"rendered":"<p>Pour inaugurer la mise en ligne des photos de mes r\u00e9alisations, j\u2019ai choisi ce tatouage embl\u00e9matique. Tatouage cr\u00e9\u00e9 directement sur le corps. C\u2019est une des fa\u00e7ons les plus inspirantes de travailler. Confiance et inspiration se rencontrent.<\/p>\n","protected":false},"author":1,"featured_media":0,"parent":0,"menu_order":0,"comment_status":"closed","ping_status":"closed","template":"","meta":{"footnotes":""},"class_list":["post-123","page","type-page","status-publish","hentry"],"_links":{"self":[{"href":"https:\/\/loeilderev.fr\/index.php\/wp-json\/wp\/v2\/pages\/123","targetHints":{"allow":["GET"]}}],"collection":[{"href":"https:\/\/loeilderev.fr\/index.php\/wp-json\/wp\/v2\/pages"}],"about":[{"href":"https:\/\/loeilderev.fr\/index.php\/wp-json\/wp\/v2\/types\/page"}],"author":[{"embeddable":true,"href":"https:\/\/loeilderev.fr\/index.php\/wp-json\/wp\/v2\/users\/1"}],"replies":[{"embeddable":true,"href":"https:\/\/loeilderev.fr\/index.php\/wp-json\/wp\/v2\/comments?post=123"}],"version-history":[{"count":7,"href":"https:\/\/loeilderev.fr\/index.php\/wp-json\/wp\/v2\/pages\/123\/revisions"}],"predecessor-version":[{"id":189,"href":"https:\/\/loeilderev.fr\/index.php\/wp-json\/wp\/v2\/pages\/123\/revisions\/189"}],"wp:attachment":[{"href":"https:\/\/loeilderev.fr\/index.php\/wp-json\/wp\/v2\/media?parent=123"}],"curies":[{"name":"wp","href":"https:\/\/api.w.org\/{rel}","templated":true}]}}